{"id":8395,"date":"2023-11-16T14:09:31","date_gmt":"2023-11-16T14:09:31","guid":{"rendered":"https:\/\/bshai.tranvugroup.com\/?page_id=8395"},"modified":"2023-11-30T07:55:16","modified_gmt":"2023-11-30T07:55:16","slug":"test1-bai-test-danh-gia-tong-hop","status":"publish","type":"page","link":"https:\/\/bacsytamlythanhhoa.tvg.agency\/?page_id=8395","title":{"rendered":"B\u00e0i test \u0111\u00e1nh gi\u00e1 t\u1ed5ng h\u1ee3p"},"content":{"rendered":"\t\t<div data-elementor-type=\"wp-page\" data-elementor-id=\"8395\" class=\"elementor elementor-8395\" data-elementor-post-type=\"page\">\n\t\t\t\t<div class=\"elementor-element elementor-element-b96d354 e-flex e-con-boxed e-con e-parent\" data-id=\"b96d354\" data-element_type=\"container\" data-e-type=\"container\">\n\t\t\t\t\t<div class=\"e-con-inner\">\n\t\t\t\t<div class=\"elementor-element elementor-element-1f2f1e2 elementor-widget elementor-widget-html\" data-id=\"1f2f1e2\" data-element_type=\"widget\" data-e-type=\"widget\" data-widget_type=\"html.default\">\n\t\t\t\t<div class=\"elementor-widget-container\">\n\t\t\t\t\t<iframe src=\"https:\/\/docs.google.com\/forms\/d\/e\/1FAIpQLScosEJLZH1Q21LbQWtTeDsii2PYzoxMJo6IMklYYl1d3LRqiQ\/viewform?embedded=true\" width=\"100%\" height=\"6435\" frameborder=\"0\" marginheight=\"0\" marginwidth=\"0\">\u0110ang t\u1ea3i\u2026<\/iframe>\t\t\t\t<\/div>\n\t\t\t\t<\/div>\n\t\t\t\t\t<\/div>\n\t\t\t\t<\/div>\n\t\t\t\t<\/div>\n\t\t","protected":false},"excerpt":{"rendered":"<p>\u0110ang t\u1ea3i\u2026<\/p>\n","protected":false},"author":1,"featured_media":0,"parent":0,"menu_order":0,"comment_status":"closed","ping_status":"closed","template":"","meta":{"footnotes":""},"class_list":["post-8395","page","type-page","status-publish","hentry"],"_links":{"self":[{"href":"https:\/\/bacsytamlythanhhoa.tvg.agency\/index.php?rest_route=\/wp\/v2\/pages\/8395","targetHints":{"allow":["GET"]}}],"collection":[{"href":"https:\/\/bacsytamlythanhhoa.tvg.agency\/index.php?rest_route=\/wp\/v2\/pages"}],"about":[{"href":"https:\/\/bacsytamlythanhhoa.tvg.agency\/index.php?rest_route=\/wp\/v2\/types\/page"}],"author":[{"embeddable":true,"href":"https:\/\/bacsytamlythanhhoa.tvg.agency\/index.php?rest_route=\/wp\/v2\/users\/1"}],"replies":[{"embeddable":true,"href":"https:\/\/bacsytamlythanhhoa.tvg.agency\/index.php?rest_route=%2Fwp%2Fv2%2Fcomments&post=8395"}],"version-history":[{"count":15,"href":"https:\/\/bacsytamlythanhhoa.tvg.agency\/index.php?rest_route=\/wp\/v2\/pages\/8395\/revisions"}],"predecessor-version":[{"id":8537,"href":"https:\/\/bacsytamlythanhhoa.tvg.agency\/index.php?rest_route=\/wp\/v2\/pages\/8395\/revisions\/8537"}],"wp:attachment":[{"href":"https:\/\/bacsytamlythanhhoa.tvg.agency\/index.php?rest_route=%2Fwp%2Fv2%2Fmedia&parent=8395"}],"curies":[{"name":"wp","href":"https:\/\/api.w.org\/{rel}","templated":true}]}}