{"id":8398,"date":"2023-11-16T14:12:35","date_gmt":"2023-11-16T14:12:35","guid":{"rendered":"https:\/\/bshai.tranvugroup.com\/?page_id=8398"},"modified":"2023-11-30T09:03:06","modified_gmt":"2023-11-30T09:03:06","slug":"bai-test-danh-gia-roi-loan-lo-au","status":"publish","type":"page","link":"https:\/\/bacsytamlythanhhoa.tvg.agency\/?page_id=8398","title":{"rendered":"B\u00e0i test \u0111\u00e1nh gi\u00e1 r\u1ed1i lo\u1ea1n lo \u00e2u"},"content":{"rendered":"\t\t<div data-elementor-type=\"wp-page\" data-elementor-id=\"8398\" class=\"elementor elementor-8398\" data-elementor-post-type=\"page\">\n\t\t\t\t<div class=\"elementor-element elementor-element-61e612de e-flex e-con-boxed e-con e-parent\" data-id=\"61e612de\" data-element_type=\"container\" data-e-type=\"container\">\n\t\t\t\t\t<div class=\"e-con-inner\">\n\t\t\t\t<div class=\"elementor-element elementor-element-55d5b073 elementor-widget elementor-widget-text-editor\" data-id=\"55d5b073\" data-element_type=\"widget\" data-e-type=\"widget\" data-widget_type=\"text-editor.default\">\n\t\t\t\t<div class=\"elementor-widget-container\">\n\t\t\t\t\t\t\t\t\t\n<p><\/p>\n\n\n\n\u0110ang t\u1ea3i\u2026\n\t\t\t\t\t\t\t\t<\/div>\n\t\t\t\t<\/div>\n\t\t\t\t\t<\/div>\n\t\t\t\t<\/div>\n\t\t<div class=\"elementor-element elementor-element-cfcb3d2 e-flex e-con-boxed e-con e-parent\" data-id=\"cfcb3d2\" data-element_type=\"container\" data-e-type=\"container\">\n\t\t\t\t\t<div class=\"e-con-inner\">\n\t\t\t\t<div class=\"elementor-element elementor-element-3d9ec2e elementor-widget elementor-widget-html\" data-id=\"3d9ec2e\" data-element_type=\"widget\" data-e-type=\"widget\" data-widget_type=\"html.default\">\n\t\t\t\t<div class=\"elementor-widget-container\">\n\t\t\t\t\t<iframe src=\"https:\/\/docs.google.com\/forms\/d\/e\/1FAIpQLSeL_eYLBd-UnJM4IYYpa6dO5QQvJUCHrTsrGuVXzmItlnsvpg\/viewform?embedded=true\" width=\"100%\" height=\"6149\" frameborder=\"0\" marginheight=\"0\" marginwidth=\"0\">\u0110ang t\u1ea3i\u2026<\/iframe>\n\t\t\t\t<\/div>\n\t\t\t\t<\/div>\n\t\t\t\t\t<\/div>\n\t\t\t\t<\/div>\n\t\t\t\t<\/div>\n\t\t","protected":false},"excerpt":{"rendered":"<p>\u0110ang t\u1ea3i\u2026 \u0110ang t\u1ea3i\u2026<\/p>\n","protected":false},"author":1,"featured_media":0,"parent":0,"menu_order":0,"comment_status":"closed","ping_status":"closed","template":"","meta":{"footnotes":""},"class_list":["post-8398","page","type-page","status-publish","hentry"],"_links":{"self":[{"href":"https:\/\/bacsytamlythanhhoa.tvg.agency\/index.php?rest_route=\/wp\/v2\/pages\/8398","targetHints":{"allow":["GET"]}}],"collection":[{"href":"https:\/\/bacsytamlythanhhoa.tvg.agency\/index.php?rest_route=\/wp\/v2\/pages"}],"about":[{"href":"https:\/\/bacsytamlythanhhoa.tvg.agency\/index.php?rest_route=\/wp\/v2\/types\/page"}],"author":[{"embeddable":true,"href":"https:\/\/bacsytamlythanhhoa.tvg.agency\/index.php?rest_route=\/wp\/v2\/users\/1"}],"replies":[{"embeddable":true,"href":"https:\/\/bacsytamlythanhhoa.tvg.agency\/index.php?rest_route=%2Fwp%2Fv2%2Fcomments&post=8398"}],"version-history":[{"count":4,"href":"https:\/\/bacsytamlythanhhoa.tvg.agency\/index.php?rest_route=\/wp\/v2\/pages\/8398\/revisions"}],"predecessor-version":[{"id":8540,"href":"https:\/\/bacsytamlythanhhoa.tvg.agency\/index.php?rest_route=\/wp\/v2\/pages\/8398\/revisions\/8540"}],"wp:attachment":[{"href":"https:\/\/bacsytamlythanhhoa.tvg.agency\/index.php?rest_route=%2Fwp%2Fv2%2Fmedia&parent=8398"}],"curies":[{"name":"wp","href":"https:\/\/api.w.org\/{rel}","templated":true}]}}